{"id":828,"date":"2024-05-08T15:13:38","date_gmt":"2024-05-08T15:13:38","guid":{"rendered":"\/?page_id=828"},"modified":"2024-09-22T17:00:46","modified_gmt":"2024-09-22T17:00:46","slug":"privacy-policy","status":"publish","type":"page","link":"https:\/\/niekoplay.com\/es\/privacy-policy\/","title":{"rendered":"Pol\u00edtica de privacidad"},"content":{"rendered":"<div data-elementor-type=\"wp-page\" data-elementor-id=\"828\" class=\"elementor elementor-828\" data-elementor-post-type=\"page\">\n\t\t\t\t<div class=\"elementor-element elementor-element-6877365 e-flex e-con-boxed e-con e-parent\" data-id=\"6877365\" data-element_type=\"container\" data-settings=\"{&quot;background_background&quot;:&quot;classic&quot;}\">\n\t\t\t\t\t<div class=\"e-con-inner\">\n\t\t<div class=\"elementor-element elementor-element-5885b73 e-con-full e-flex e-con e-child\" data-id=\"5885b73\" data-element_type=\"container\">\n\t\t\t\t<div class=\"elementor-element elementor-element-8ad4377 elementor-widget__width-initial elementor-widget elementor-widget-heading\" data-id=\"8ad4377\" data-element_type=\"widget\" data-widget_type=\"heading.default\">\n\t\t\t\t<div class=\"elementor-widget-container\">\n\t\t\t\t\t<h2 class=\"elementor-heading-title elementor-size-default\">Pol\u00edtica de privacidad<\/h2>\t\t\t\t<\/div>\n\t\t\t\t<\/div>\n\t\t\t\t<\/div>\n\t\t\t\t\t<\/div>\n\t\t\t\t<\/div>\n\t\t<div class=\"elementor-element elementor-element-ffbff2c e-flex e-con-boxed e-con e-parent\" data-id=\"ffbff2c\" data-element_type=\"container\">\n\t\t\t\t\t<div class=\"e-con-inner\">\n\t\t\t\t<div class=\"elementor-element elementor-element-6cfd618 elementor-widget__width-inherit elementor-widget elementor-widget-text-editor\" data-id=\"6cfd618\" data-element_type=\"widget\" data-widget_type=\"text-editor.default\">\n\t\t\t\t<div class=\"elementor-widget-container\">\n\t\t\t\t\t\t\t\t\t<p>En NIEKO, accesible desde niekoplay.com, salvaguardar la privacidad de nuestros visitantes es de suma importancia para nosotros. Esta pol\u00edtica de privacidad describe los tipos de informaci\u00f3n recopilada y registrada por NIEKO y c\u00f3mo la utilizamos.<\/p><p>Si tiene alguna duda o necesita m\u00e1s informaci\u00f3n sobre nuestra Pol\u00edtica de privacidad, no dude en ponerse en contacto con nosotros.<br \/><br \/>Esta Pol\u00edtica de Privacidad se aplica \u00fanicamente a nuestras actividades en l\u00ednea y se refiere a la informaci\u00f3n compartida y\/o recopilada en el sitio web de NIEKO. No se extiende a ning\u00fan dato recogido fuera de l\u00ednea o a trav\u00e9s de canales distintos de este sitio web.<\/p><h3><strong>Consentimiento<\/strong><\/h3><p>Al utilizar nuestro sitio web, usted acepta nuestra Pol\u00edtica de privacidad y est\u00e1 de acuerdo con sus t\u00e9rminos.<\/p><h3><strong>Informaci\u00f3n que recopilamos<\/strong><\/h3><p>Los datos personales solicitados y los motivos de la solicitud se le comunicar\u00e1n de forma transparente en el momento de la recogida.<\/p><p>Si se pone en contacto directamente con nosotros, podemos recibir informaci\u00f3n adicional sobre usted, como su nombre, direcci\u00f3n de correo electr\u00f3nico, n\u00famero de tel\u00e9fono, el contenido del mensaje y\/o los archivos adjuntos que nos env\u00ede, y cualquier otra informaci\u00f3n que decida facilitarnos.<br \/>Al registrarse para obtener una Cuenta, podemos solicitar su informaci\u00f3n de contacto, incluidos datos como el nombre, el nombre de la empresa, la direcci\u00f3n, la direcci\u00f3n de correo electr\u00f3nico y el n\u00famero de tel\u00e9fono.<\/p><h3><strong>C\u00f3mo utilizamos su informaci\u00f3n<\/strong><\/h3><p>Utilizamos la informaci\u00f3n que recopilamos de varias formas, entre ellas:<\/p><ul><li>Facilitar, operar y mantener nuestro sitio web<\/li><li>Mejorar, personalizar y ampliar nuestro sitio web<\/li><li>Analizar y comprender el uso que hace de nuestro sitio web<\/li><li>Creaci\u00f3n de nuevos productos, servicios, caracter\u00edsticas y funcionalidades<\/li><li>Mantener correspondencia con usted, ya sea directamente o a trav\u00e9s de nuestros socios, con fines de atenci\u00f3n al cliente, actualizaciones y otra informaci\u00f3n relacionada con el sitio web, as\u00ed como con fines de marketing y promoci\u00f3n.<\/li><li>Enviarte correos electr\u00f3nicos<\/li><li>Detecci\u00f3n y prevenci\u00f3n de actividades fraudulentas<\/li><\/ul><h3><strong><br \/>Archivos de registro<\/strong><\/h3><p>NIEKO sigue pr\u00e1cticas est\u00e1ndar para el uso de archivos de registro. Estos archivos registran las interacciones de los visitantes con los sitios web, incluidas las direcciones de protocolo de Internet (IP), los tipos de navegador, los proveedores de servicios de Internet (ISP), las marcas de fecha y hora, las p\u00e1ginas de referencia\/salida y, posiblemente, el n\u00famero de clics. Ninguna de estas informaciones est\u00e1 vinculada a datos personales identificables. Esta informaci\u00f3n se utiliza para analizar tendencias, administrar el sitio, rastrear los movimientos de los usuarios en el sitio web y recopilar informaci\u00f3n demogr\u00e1fica.<\/p><p><strong>Cookies y balizas web<\/strong><br \/>Al igual que otros sitios web, NIEKO utiliza cookies de informaci\u00f3n, como las preferencias de los visitantes y las p\u00e1ginas a las que acceden o visitan en el sitio web. Esta informaci\u00f3n se utiliza para optimizar la experiencia de los usuarios adaptando el contenido de nuestra p\u00e1gina web en funci\u00f3n de los tipos de navegador de los visitantes y otra informaci\u00f3n.<\/p><p><strong>Archivos de cookies DART de DoubleClick de Google<\/strong><br \/>Google, como proveedor de terceros en nuestro sitio, tambi\u00e9n emplea cookies, conocidas como cookies DART, para publicar anuncios a los visitantes de nuestro sitio en funci\u00f3n de sus visitas a <a href=\"http:\/\/niekoplay.com\/es\/\">niekoplay.com<\/a> y otros sitios de Internet. Los visitantes pueden inhabilitar el uso de cookies DART visitando la Pol\u00edtica de privacidad de la red de anuncios y contenidos de Google.<\/p><p><strong>Socios publicitarios Pol\u00edticas de privacidad<\/strong><br \/>Puede consultar en esta lista la Pol\u00edtica de Privacidad de cada socio publicitario de NIEKO. Los servidores o redes publicitarias de terceros utilizan tecnolog\u00edas como cookies, JavaScript o Web Beacons en sus respectivos anuncios y enlaces que aparecen en NIEKO. Estos se env\u00edan directamente a los navegadores de los usuarios, y las tecnolog\u00edas recogen autom\u00e1ticamente su direcci\u00f3n IP cuando esto ocurre. Estas tecnolog\u00edas se utilizan para evaluar la eficacia de las campa\u00f1as publicitarias y\/o para personalizar el contenido publicitario que usted ve en los sitios web que visita.<br \/>Tenga en cuenta que NIEKO no tiene acceso ni control sobre estas cookies utilizadas por terceros anunciantes.<\/p><p><strong>Pol\u00edticas de privacidad de terceros<\/strong><br \/>La Pol\u00edtica de Privacidad de NIEKO no se aplica a otros anunciantes o sitios web. Le animamos a revisar las respectivas Pol\u00edticas de Privacidad de estos servidores de anuncios de terceros para obtener informaci\u00f3n m\u00e1s completa, incluyendo sus pr\u00e1cticas e instrucciones sobre c\u00f3mo optar por no participar en ciertas opciones. Puede optar por desactivar las cookies a trav\u00e9s de la configuraci\u00f3n individual de su navegador. Para obtener informaci\u00f3n detallada sobre la gesti\u00f3n de cookies con navegadores web espec\u00edficos, visite los sitios web de los respectivos navegadores.<\/p><h3><strong>Derechos de privacidad de la CCPA<\/strong><\/h3><p>En virtud de la Ley de Privacidad del Consumidor de California (CCPA), los consumidores californianos poseen varios derechos, entre ellos:<\/p><ul><li>Derecho a solicitar que una empresa que recopile datos personales de un consumidor revele las categor\u00edas y los datos personales espec\u00edficos recopilados sobre los consumidores.<\/li><li>Derecho a solicitar la supresi\u00f3n de cualquier dato personal recogido sobre el consumidor por una empresa.<\/li><li>Derecho a oponerse a la venta de datos personales por parte de una empresa.<\/li><li>Tras realizar una solicitud, disponemos de un mes para responder. Si desea ejercer alguno de estos derechos, p\u00f3ngase en contacto con nosotros.<\/li><\/ul><h3>\u00a0<\/h3><h3><strong>Derechos de protecci\u00f3n de datos GDPR<\/strong><\/h3><p>Nuestro objetivo es que conozca perfectamente todos sus derechos en materia de protecci\u00f3n de datos. Todo usuario tiene derecho a lo siguiente:<\/p><ul><li>Derecho de acceso - Tiene derecho a solicitar copias de sus datos personales. Es posible que se le cobre una peque\u00f1a tasa por este servicio.<\/li><li>Derecho de rectificaci\u00f3n - Tiene derecho a solicitar que corrijamos cualquier informaci\u00f3n que considere inexacta. Tambi\u00e9n tiene derecho a solicitar que completemos cualquier informaci\u00f3n que considere incompleta.<\/li><li>Derecho de supresi\u00f3n - Tiene derecho a solicitar que borremos sus datos personales, en determinadas condiciones.<\/li><li>Derecho a restringir el tratamiento - Tiene derecho a solicitar que restrinjamos el tratamiento de sus datos personales, en determinadas condiciones.<\/li><li>Derecho a oponerse al tratamiento - Usted tiene derecho a oponerse al tratamiento de sus datos personales por nuestra parte, en determinadas condiciones.<\/li><li>Derecho a la portabilidad de los datos - Tiene derecho a solicitar que transfiramos los datos que hemos recopilado a otra organizaci\u00f3n o directamente a usted, en determinadas condiciones.<\/li><\/ul><p>Tras realizar una solicitud, disponemos de un mes para responder. Si desea ejercer alguno de estos derechos, p\u00f3ngase en contacto con nosotros.<\/p><h3><strong>Informaci\u00f3n infantil<\/strong><\/h3><p>Adem\u00e1s de nuestro compromiso con la privacidad, damos prioridad a la protecci\u00f3n de los menores mientras utilizan Internet. Instamos a los padres y tutores a que observen, participen y\/o supervisen y gu\u00eden activamente las actividades en l\u00ednea de sus hijos.<\/p><p>NIEKO no recopila a sabiendas ning\u00fan tipo de Informaci\u00f3n de Identificaci\u00f3n Personal de ni\u00f1os menores de 13. Si cree que su hijo ha proporcionado este tipo de informaci\u00f3n en nuestro sitio web, le recomendamos encarecidamente que se ponga en contacto con nosotros inmediatamente, y haremos todo lo posible para eliminar r\u00e1pidamente dicha informaci\u00f3n de nuestros registros.<\/p>\t\t\t\t\t\t\t\t<\/div>\n\t\t\t\t<\/div>\n\t\t\t\t\t<\/div>\n\t\t\t\t<\/div>\n\t\t\t\t<\/div>","protected":false},"excerpt":{"rendered":"<p>Pol\u00edtica de privacidad En NIEKO, accesible desde niekoplay.com, salvaguardar la privacidad de nuestros visitantes es de suma importancia para nosotros. Esta Pol\u00edtica de Privacidad describe los tipos de informaci\u00f3n recopilada y registrada por NIEKO y c\u00f3mo la utilizamos. Si tiene alguna duda o necesita informaci\u00f3n adicional sobre nuestra Pol\u00edtica de Privacidad, no dude en [...]<\/p>","protected":false},"author":1,"featured_media":0,"parent":0,"menu_order":0,"comment_status":"closed","ping_status":"closed","template":"elementor_header_footer","meta":{"footnotes":""},"class_list":["post-828","page","type-page","status-publish","hentry"],"_links":{"self":[{"href":"https:\/\/niekoplay.com\/es\/wp-json\/wp\/v2\/pages\/828","targetHints":{"allow":["GET"]}}],"collection":[{"href":"https:\/\/niekoplay.com\/es\/wp-json\/wp\/v2\/pages"}],"about":[{"href":"https:\/\/niekoplay.com\/es\/wp-json\/wp\/v2\/types\/page"}],"author":[{"embeddable":true,"href":"https:\/\/niekoplay.com\/es\/wp-json\/wp\/v2\/users\/1"}],"replies":[{"embeddable":true,"href":"https:\/\/niekoplay.com\/es\/wp-json\/wp\/v2\/comments?post=828"}],"version-history":[{"count":7,"href":"https:\/\/niekoplay.com\/es\/wp-json\/wp\/v2\/pages\/828\/revisions"}],"predecessor-version":[{"id":3012,"href":"https:\/\/niekoplay.com\/es\/wp-json\/wp\/v2\/pages\/828\/revisions\/3012"}],"wp:attachment":[{"href":"https:\/\/niekoplay.com\/es\/wp-json\/wp\/v2\/media?parent=828"}],"curies":[{"name":"wp","href":"https:\/\/api.w.org\/{rel}","templated":true}]}}